{"id":958,"date":"2023-04-10T10:00:36","date_gmt":"2023-04-10T10:00:36","guid":{"rendered":"https:\/\/shamya.fr\/?post_type=product&#038;p=958"},"modified":"2025-05-22T12:57:21","modified_gmt":"2025-05-22T12:57:21","slug":"robe-aphrodite","status":"publish","type":"product","link":"https:\/\/shamya.fr\/en\/product\/robe-aphrodite\/","title":{"rendered":"peach Aphrodite Dress"},"content":{"rendered":"<p>\u25cf Chambray organic cotton certified GOTS <a href=\"https:\/\/global-standard.org\/\">GOTS<\/a> (Global Organic Textile Standard), woven and dyed in France.<\/p>\n<p>\u25cf Imagined and realized in Bordeaux<\/p>\n<div class=\"elementor-divider-custom\"><span class=\"elementor-divider-separator-custom\">\u00a0<\/span><\/div>\n<p>Size tip :<\/p>\n<p>Marion (peach dress) measures 1m70 and Margot (duck dress) 1m63 and wear a size S.<\/p>\n<p>This model size normally, we recommend you take your usual size.<\/p>","protected":false},"excerpt":{"rendered":"<p>The Aphrodite dress is the elixir of beauty, its cut gracefully highlights the shapes with delicacy. Aphrodite, Goddess of love and beauty, will help you feel sublime. The simplicity of the cut reveals the natural beauty with softness and sensuality.<\/p>\n<p>It is easy to wear, the size adjusts thanks to the bands tied at the waist and the elastic at the bottom of the back. The cut allows the dress to be worn without a bra for more comfort and freedom.<\/p>\n<p>This dress is perfect for a sunny day, or for a nice summer evening.<\/p>","protected":false},"featured_media":1690,"comment_status":"open","ping_status":"closed","template":"","meta":{"om_disable_all_campaigns":false,"_monsterinsights_skip_tracking":false,"_monsterinsights_sitenote_active":false,"_monsterinsights_sitenote_note":"","_monsterinsights_sitenote_category":0},"product_cat":[83,67],"product_tag":[],"class_list":["post-958","product","type-product","status-publish","has-post-thumbnail","hentry","product_cat-robes-et-combinaisons-vetements","product_cat-vetements"],"aioseo_notices":[],"yoast_head":"<!-- This site is optimized with the Yoast SEO plugin v21.5 - https:\/\/yoast.com\/wordpress\/plugins\/seo\/ -->\n<title>Robe Aphrodite P\u00eache - Shamya : v\u00eatements \u00e9co-responsables<\/title>\n<meta name=\"robots\" content=\"index, follow, max-snippet:-1, max-image-preview:large, max-video-preview:-1\" \/>\n<link rel=\"canonical\" href=\"https:\/\/shamya.fr\/en\/product\/robe-aphrodite\/\" \/>\n<meta property=\"og:locale\" content=\"en_US\" \/>\n<meta property=\"og:type\" content=\"article\" \/>\n<meta property=\"og:title\" content=\"Robe Aphrodite P\u00eache - Shamya : v\u00eatements \u00e9co-responsables\" \/>\n<meta property=\"og:description\" content=\"La robe Aphrodite est l\u2019\u00e9lixir de beaut\u00e9, sa coupe souligne gracieusement les formes en toute d\u00e9licatesse. Aphrodite, d\u00e9esse de l\u2019amour et de la beaut\u00e9, vous aidera \u00e0 vous sentir sublime. La simplicit\u00e9 de la coupe r\u00e9v\u00e8le la beaut\u00e9 naturelle tout en douceur et sensualit\u00e9.  Elle se porte ais\u00e9ment, la taille s\u2019ajuste gr\u00e2ce aux bandes nou\u00e9es \u00e0 la taille et \u00e0 l\u2019\u00e9lastique en bas du dos. La coupe permet de porter la robe sans soutien-gorge pour plus de confort et de libert\u00e9.  Cette robe est parfaite pour une journ\u00e9e ensoleill\u00e9e, ou pour une belle soir\u00e9e d\u2019\u00e9t\u00e9.\" \/>\n<meta property=\"og:url\" content=\"https:\/\/shamya.fr\/en\/product\/robe-aphrodite\/\" \/>\n<meta property=\"og:site_name\" content=\"Shamya : v\u00eatements \u00e9co-responsables\" \/>\n<meta property=\"article:modified_time\" content=\"2025-05-22T12:57:21+00:00\" \/>\n<meta property=\"og:image\" content=\"https:\/\/shamya.fr\/wp-content\/uploads\/2023\/04\/shamya-robe-aphrodite-peche-site-scaled.jpg\" \/>\n\t<meta property=\"og:image:width\" content=\"1708\" \/>\n\t<meta property=\"og:image:height\" content=\"2560\" \/>\n\t<meta property=\"og:image:type\" content=\"image\/jpeg\" \/>\n<meta name=\"twitter:card\" content=\"summary_large_image\" \/>\n<meta name=\"twitter:label1\" content=\"Est. reading time\" \/>\n\t<meta name=\"twitter:data1\" content=\"1 minute\" \/>\n<script type=\"application\/ld+json\" class=\"yoast-schema-graph\">{\"@context\":\"https:\/\/schema.org\",\"@graph\":[{\"@type\":\"WebPage\",\"@id\":\"https:\/\/shamya.fr\/produit\/robe-aphrodite\/\",\"url\":\"https:\/\/shamya.fr\/produit\/robe-aphrodite\/\",\"name\":\"Robe Aphrodite P\u00eache - Shamya : v\u00eatements \u00e9co-responsables\",\"isPartOf\":{\"@id\":\"https:\/\/shamya.fr\/#website\"},\"datePublished\":\"2023-04-10T10:00:36+00:00\",\"dateModified\":\"2025-05-22T12:57:21+00:00\",\"breadcrumb\":{\"@id\":\"https:\/\/shamya.fr\/produit\/robe-aphrodite\/#breadcrumb\"},\"inLanguage\":\"en-US\",\"potentialAction\":[{\"@type\":\"ReadAction\",\"target\":[\"https:\/\/shamya.fr\/produit\/robe-aphrodite\/\"]}]},{\"@type\":\"BreadcrumbList\",\"@id\":\"https:\/\/shamya.fr\/produit\/robe-aphrodite\/#breadcrumb\",\"itemListElement\":[{\"@type\":\"ListItem\",\"position\":1,\"name\":\"Accueil\",\"item\":\"https:\/\/shamya.fr\/\"},{\"@type\":\"ListItem\",\"position\":2,\"name\":\"Boutique\",\"item\":\"https:\/\/shamya.fr\/?page_id=8\"},{\"@type\":\"ListItem\",\"position\":3,\"name\":\"Robe Aphrodite P\u00eache\"}]},{\"@type\":\"WebSite\",\"@id\":\"https:\/\/shamya.fr\/#website\",\"url\":\"https:\/\/shamya.fr\/\",\"name\":\"Shamya : v\u00eatements \u00e9co-responsables\",\"description\":\"shamya-vetements-ecoresponsables\",\"publisher\":{\"@id\":\"https:\/\/shamya.fr\/#organization\"},\"potentialAction\":[{\"@type\":\"SearchAction\",\"target\":{\"@type\":\"EntryPoint\",\"urlTemplate\":\"https:\/\/shamya.fr\/?s={search_term_string}\"},\"query-input\":\"required name=search_term_string\"}],\"inLanguage\":\"en-US\"},{\"@type\":\"Organization\",\"@id\":\"https:\/\/shamya.fr\/#organization\",\"name\":\"Shamya : v\u00eatements \u00e9co-responsables\",\"url\":\"https:\/\/shamya.fr\/\",\"logo\":{\"@type\":\"ImageObject\",\"inLanguage\":\"en-US\",\"@id\":\"https:\/\/shamya.fr\/#\/schema\/logo\/image\/\",\"url\":\"https:\/\/shamya.fr\/wp-content\/uploads\/2022\/11\/Logo-Shamya-03-1.png\",\"contentUrl\":\"https:\/\/shamya.fr\/wp-content\/uploads\/2022\/11\/Logo-Shamya-03-1.png\",\"width\":2602,\"height\":591,\"caption\":\"Shamya : v\u00eatements \u00e9co-responsables\"},\"image\":{\"@id\":\"https:\/\/shamya.fr\/#\/schema\/logo\/image\/\"}}]}<\/script>\n<!-- \/ Yoast SEO plugin. -->","yoast_head_json":{"title":"Robe Aphrodite P\u00eache - Shamya : v\u00eatements \u00e9co-responsables","robots":{"index":"index","follow":"follow","max-snippet":"max-snippet:-1","max-image-preview":"max-image-preview:large","max-video-preview":"max-video-preview:-1"},"canonical":"https:\/\/shamya.fr\/en\/product\/robe-aphrodite\/","og_locale":"en_US","og_type":"article","og_title":"Robe Aphrodite P\u00eache - Shamya : v\u00eatements \u00e9co-responsables","og_description":"La robe Aphrodite est l\u2019\u00e9lixir de beaut\u00e9, sa coupe souligne gracieusement les formes en toute d\u00e9licatesse. Aphrodite, d\u00e9esse de l\u2019amour et de la beaut\u00e9, vous aidera \u00e0 vous sentir sublime. La simplicit\u00e9 de la coupe r\u00e9v\u00e8le la beaut\u00e9 naturelle tout en douceur et sensualit\u00e9.  Elle se porte ais\u00e9ment, la taille s\u2019ajuste gr\u00e2ce aux bandes nou\u00e9es \u00e0 la taille et \u00e0 l\u2019\u00e9lastique en bas du dos. La coupe permet de porter la robe sans soutien-gorge pour plus de confort et de libert\u00e9.  Cette robe est parfaite pour une journ\u00e9e ensoleill\u00e9e, ou pour une belle soir\u00e9e d\u2019\u00e9t\u00e9.","og_url":"https:\/\/shamya.fr\/en\/product\/robe-aphrodite\/","og_site_name":"Shamya : v\u00eatements \u00e9co-responsables","article_modified_time":"2025-05-22T12:57:21+00:00","og_image":[{"width":1708,"height":2560,"url":"https:\/\/shamya.fr\/wp-content\/uploads\/2023\/04\/shamya-robe-aphrodite-peche-site-scaled.jpg","type":"image\/jpeg"}],"twitter_card":"summary_large_image","twitter_misc":{"Est. reading time":"1 minute"},"schema":{"@context":"https:\/\/schema.org","@graph":[{"@type":"WebPage","@id":"https:\/\/shamya.fr\/produit\/robe-aphrodite\/","url":"https:\/\/shamya.fr\/produit\/robe-aphrodite\/","name":"Robe Aphrodite P\u00eache - Shamya : v\u00eatements \u00e9co-responsables","isPartOf":{"@id":"https:\/\/shamya.fr\/#website"},"datePublished":"2023-04-10T10:00:36+00:00","dateModified":"2025-05-22T12:57:21+00:00","breadcrumb":{"@id":"https:\/\/shamya.fr\/produit\/robe-aphrodite\/#breadcrumb"},"inLanguage":"en-US","potentialAction":[{"@type":"ReadAction","target":["https:\/\/shamya.fr\/produit\/robe-aphrodite\/"]}]},{"@type":"BreadcrumbList","@id":"https:\/\/shamya.fr\/produit\/robe-aphrodite\/#breadcrumb","itemListElement":[{"@type":"ListItem","position":1,"name":"Accueil","item":"https:\/\/shamya.fr\/"},{"@type":"ListItem","position":2,"name":"Boutique","item":"https:\/\/shamya.fr\/?page_id=8"},{"@type":"ListItem","position":3,"name":"Robe Aphrodite P\u00eache"}]},{"@type":"WebSite","@id":"https:\/\/shamya.fr\/#website","url":"https:\/\/shamya.fr\/","name":"Shamya : v\u00eatements \u00e9co-responsables","description":"shamya-vetements-ecoresponsables","publisher":{"@id":"https:\/\/shamya.fr\/#organization"},"potentialAction":[{"@type":"SearchAction","target":{"@type":"EntryPoint","urlTemplate":"https:\/\/shamya.fr\/?s={search_term_string}"},"query-input":"required name=search_term_string"}],"inLanguage":"en-US"},{"@type":"Organization","@id":"https:\/\/shamya.fr\/#organization","name":"Shamya : v\u00eatements \u00e9co-responsables","url":"https:\/\/shamya.fr\/","logo":{"@type":"ImageObject","inLanguage":"en-US","@id":"https:\/\/shamya.fr\/#\/schema\/logo\/image\/","url":"https:\/\/shamya.fr\/wp-content\/uploads\/2022\/11\/Logo-Shamya-03-1.png","contentUrl":"https:\/\/shamya.fr\/wp-content\/uploads\/2022\/11\/Logo-Shamya-03-1.png","width":2602,"height":591,"caption":"Shamya : v\u00eatements \u00e9co-responsables"},"image":{"@id":"https:\/\/shamya.fr\/#\/schema\/logo\/image\/"}}]}},"_links":{"self":[{"href":"https:\/\/shamya.fr\/en\/wp-json\/wp\/v2\/product\/958","targetHints":{"allow":["GET"]}}],"collection":[{"href":"https:\/\/shamya.fr\/en\/wp-json\/wp\/v2\/product"}],"about":[{"href":"https:\/\/shamya.fr\/en\/wp-json\/wp\/v2\/types\/product"}],"replies":[{"embeddable":true,"href":"https:\/\/shamya.fr\/en\/wp-json\/wp\/v2\/comments?post=958"}],"wp:featuredmedia":[{"embeddable":true,"href":"https:\/\/shamya.fr\/en\/wp-json\/wp\/v2\/media\/1690"}],"wp:attachment":[{"href":"https:\/\/shamya.fr\/en\/wp-json\/wp\/v2\/media?parent=958"}],"wp:term":[{"taxonomy":"product_cat","embeddable":true,"href":"https:\/\/shamya.fr\/en\/wp-json\/wp\/v2\/product_cat?post=958"},{"taxonomy":"product_tag","embeddable":true,"href":"https:\/\/shamya.fr\/en\/wp-json\/wp\/v2\/product_tag?post=958"}],"curies":[{"name":"wp","href":"https:\/\/api.w.org\/{rel}","templated":true}]}}