{"id":721,"date":"2023-04-04T13:19:04","date_gmt":"2023-04-04T13:19:04","guid":{"rendered":"https:\/\/shamya.fr\/?post_type=product&#038;p=721"},"modified":"2025-05-22T12:58:08","modified_gmt":"2025-05-22T12:58:08","slug":"top-alce","status":"publish","type":"product","link":"https:\/\/shamya.fr\/en\/product\/top-alce\/","title":{"rendered":"Peach Top Alc\u00e9"},"content":{"rendered":"<p>\u25cf Satin de coton biologique <a href=\"https:\/\/global-standard.org\/\">GOTS<\/a> (Global Organic Textile Standard), woven and dyed in France.<\/p>\n<p>\u25cf Imagined and realized in Bordeaux<\/p>\n<p>\u25cf Natural rubber elastic<\/p>\n<div class=\"elementor-divider-custom\"><span class=\"elementor-divider-separator-custom\">\u00a0<\/span><\/div>\n<p>Size tip :<\/p>\n<p>Marion is 1m70 tall and wears a size S.<\/p>\n<p>This model size normally, we recommend you take your usual size.<\/p>","protected":false},"excerpt":{"rendered":"<p>For this top, I was inspired by the fighting Goddesses, these courageous women who dare to express themselves, be themselves and defend their values. His name, I chose in homage to the spirit of Prowess and Courage in Greek mythology. I infused the Alc\u00e9 outfit with this Warrior of Light energy: it helps us to accept our inner power, to gain self-confidence, our abilities and to find the strength to live despite our fears.<\/p>\n<p>The Alc\u00e9 top can be worn easily for everyday life, on any occasion. It harmonizes very well with the Alc\u00e9 trousers, worn over or gathered in the belt. The material is soft and light, perfect for half season and cool evenings. <a href=\"https:\/\/shamya.fr\/en\/product\/pantalon-alce-femme-en-coton-bio\/\">Alce Pants<\/a>, port\u00e9 par-dessus ou fronc\u00e9 dans la ceinture. La mati\u00e8re est douce et l\u00e9g\u00e8re, parfaite pour la demi-saison et les soir\u00e9es fra\u00eeches.<\/p>","protected":false},"featured_media":1704,"comment_status":"open","ping_status":"closed","template":"","meta":{"om_disable_all_campaigns":false,"_monsterinsights_skip_tracking":false,"_monsterinsights_sitenote_active":false,"_monsterinsights_sitenote_note":"","_monsterinsights_sitenote_category":0},"product_cat":[27,68,67],"product_tag":[],"class_list":["post-721","product","type-product","status-publish","has-post-thumbnail","hentry","product_cat-collection-phoenix","product_cat-hauts-vetements","product_cat-vetements"],"aioseo_notices":[],"yoast_head":"<!-- This site is optimized with the Yoast SEO plugin v21.5 - https:\/\/yoast.com\/wordpress\/plugins\/seo\/ -->\n<title>Top Alc\u00e9 P\u00eache femme en satin de coton bio - Shamya : v\u00eatements \u00e9co-responsables<\/title>\n<meta name=\"description\" content=\"Le top Alc\u00e9 est confortable tout en alliant \u00e9l\u00e9gance et douceur. La mati\u00e8re est douce est l\u00e9g\u00e8re, parfaite pour les demi-saisons\u00a0!\" \/>\n<meta name=\"robots\" content=\"index, follow, max-snippet:-1, max-image-preview:large, max-video-preview:-1\" \/>\n<link rel=\"canonical\" href=\"https:\/\/shamya.fr\/en\/product\/top-alce\/\" \/>\n<meta property=\"og:locale\" content=\"en_US\" \/>\n<meta property=\"og:type\" content=\"article\" \/>\n<meta property=\"og:title\" content=\"Top Alc\u00e9 P\u00eache femme en satin de coton bio - Shamya : v\u00eatements \u00e9co-responsables\" \/>\n<meta property=\"og:description\" content=\"Le top Alc\u00e9 est confortable tout en alliant \u00e9l\u00e9gance et douceur. La mati\u00e8re est douce est l\u00e9g\u00e8re, parfaite pour les demi-saisons\u00a0!\" \/>\n<meta property=\"og:url\" content=\"https:\/\/shamya.fr\/en\/product\/top-alce\/\" \/>\n<meta property=\"og:site_name\" content=\"Shamya : v\u00eatements \u00e9co-responsables\" \/>\n<meta property=\"article:modified_time\" content=\"2025-05-22T12:58:08+00:00\" \/>\n<meta property=\"og:image\" content=\"https:\/\/shamya.fr\/wp-content\/uploads\/2023\/04\/shamya-top-alce-peche-site-scaled.jpg\" \/>\n\t<meta property=\"og:image:width\" content=\"1709\" \/>\n\t<meta property=\"og:image:height\" content=\"2560\" \/>\n\t<meta property=\"og:image:type\" content=\"image\/jpeg\" \/>\n<meta name=\"twitter:card\" content=\"summary_large_image\" \/>\n<meta name=\"twitter:label1\" content=\"Est. reading time\" \/>\n\t<meta name=\"twitter:data1\" content=\"1 minute\" \/>\n<script type=\"application\/ld+json\" class=\"yoast-schema-graph\">{\"@context\":\"https:\/\/schema.org\",\"@graph\":[{\"@type\":\"WebPage\",\"@id\":\"https:\/\/shamya.fr\/produit\/top-alce\/\",\"url\":\"https:\/\/shamya.fr\/produit\/top-alce\/\",\"name\":\"Top Alc\u00e9 P\u00eache femme en satin de coton bio - Shamya : v\u00eatements \u00e9co-responsables\",\"isPartOf\":{\"@id\":\"https:\/\/shamya.fr\/#website\"},\"datePublished\":\"2023-04-04T13:19:04+00:00\",\"dateModified\":\"2025-05-22T12:58:08+00:00\",\"description\":\"Le top Alc\u00e9 est confortable tout en alliant \u00e9l\u00e9gance et douceur. La mati\u00e8re est douce est l\u00e9g\u00e8re, parfaite pour les demi-saisons\u00a0!\",\"breadcrumb\":{\"@id\":\"https:\/\/shamya.fr\/produit\/top-alce\/#breadcrumb\"},\"inLanguage\":\"en-US\",\"potentialAction\":[{\"@type\":\"ReadAction\",\"target\":[\"https:\/\/shamya.fr\/produit\/top-alce\/\"]}]},{\"@type\":\"BreadcrumbList\",\"@id\":\"https:\/\/shamya.fr\/produit\/top-alce\/#breadcrumb\",\"itemListElement\":[{\"@type\":\"ListItem\",\"position\":1,\"name\":\"Accueil\",\"item\":\"https:\/\/shamya.fr\/\"},{\"@type\":\"ListItem\",\"position\":2,\"name\":\"Boutique\",\"item\":\"https:\/\/shamya.fr\/?page_id=8\"},{\"@type\":\"ListItem\",\"position\":3,\"name\":\"Top Alc\u00e9 P\u00eache\"}]},{\"@type\":\"WebSite\",\"@id\":\"https:\/\/shamya.fr\/#website\",\"url\":\"https:\/\/shamya.fr\/\",\"name\":\"Shamya : v\u00eatements \u00e9co-responsables\",\"description\":\"shamya-vetements-ecoresponsables\",\"publisher\":{\"@id\":\"https:\/\/shamya.fr\/#organization\"},\"potentialAction\":[{\"@type\":\"SearchAction\",\"target\":{\"@type\":\"EntryPoint\",\"urlTemplate\":\"https:\/\/shamya.fr\/?s={search_term_string}\"},\"query-input\":\"required name=search_term_string\"}],\"inLanguage\":\"en-US\"},{\"@type\":\"Organization\",\"@id\":\"https:\/\/shamya.fr\/#organization\",\"name\":\"Shamya : v\u00eatements \u00e9co-responsables\",\"url\":\"https:\/\/shamya.fr\/\",\"logo\":{\"@type\":\"ImageObject\",\"inLanguage\":\"en-US\",\"@id\":\"https:\/\/shamya.fr\/#\/schema\/logo\/image\/\",\"url\":\"https:\/\/shamya.fr\/wp-content\/uploads\/2022\/11\/Logo-Shamya-03-1.png\",\"contentUrl\":\"https:\/\/shamya.fr\/wp-content\/uploads\/2022\/11\/Logo-Shamya-03-1.png\",\"width\":2602,\"height\":591,\"caption\":\"Shamya : v\u00eatements \u00e9co-responsables\"},\"image\":{\"@id\":\"https:\/\/shamya.fr\/#\/schema\/logo\/image\/\"}}]}<\/script>\n<!-- \/ Yoast SEO plugin. -->","yoast_head_json":{"title":"Top Alc\u00e9 P\u00eache femme en satin de coton bio - Shamya : v\u00eatements \u00e9co-responsables","description":"Le top Alc\u00e9 est confortable tout en alliant \u00e9l\u00e9gance et douceur. La mati\u00e8re est douce est l\u00e9g\u00e8re, parfaite pour les demi-saisons\u00a0!","robots":{"index":"index","follow":"follow","max-snippet":"max-snippet:-1","max-image-preview":"max-image-preview:large","max-video-preview":"max-video-preview:-1"},"canonical":"https:\/\/shamya.fr\/en\/product\/top-alce\/","og_locale":"en_US","og_type":"article","og_title":"Top Alc\u00e9 P\u00eache femme en satin de coton bio - Shamya : v\u00eatements \u00e9co-responsables","og_description":"Le top Alc\u00e9 est confortable tout en alliant \u00e9l\u00e9gance et douceur. La mati\u00e8re est douce est l\u00e9g\u00e8re, parfaite pour les demi-saisons\u00a0!","og_url":"https:\/\/shamya.fr\/en\/product\/top-alce\/","og_site_name":"Shamya : v\u00eatements \u00e9co-responsables","article_modified_time":"2025-05-22T12:58:08+00:00","og_image":[{"width":1709,"height":2560,"url":"https:\/\/shamya.fr\/wp-content\/uploads\/2023\/04\/shamya-top-alce-peche-site-scaled.jpg","type":"image\/jpeg"}],"twitter_card":"summary_large_image","twitter_misc":{"Est. reading time":"1 minute"},"schema":{"@context":"https:\/\/schema.org","@graph":[{"@type":"WebPage","@id":"https:\/\/shamya.fr\/produit\/top-alce\/","url":"https:\/\/shamya.fr\/produit\/top-alce\/","name":"Top Alc\u00e9 P\u00eache femme en satin de coton bio - Shamya : v\u00eatements \u00e9co-responsables","isPartOf":{"@id":"https:\/\/shamya.fr\/#website"},"datePublished":"2023-04-04T13:19:04+00:00","dateModified":"2025-05-22T12:58:08+00:00","description":"Le top Alc\u00e9 est confortable tout en alliant \u00e9l\u00e9gance et douceur. La mati\u00e8re est douce est l\u00e9g\u00e8re, parfaite pour les demi-saisons\u00a0!","breadcrumb":{"@id":"https:\/\/shamya.fr\/produit\/top-alce\/#breadcrumb"},"inLanguage":"en-US","potentialAction":[{"@type":"ReadAction","target":["https:\/\/shamya.fr\/produit\/top-alce\/"]}]},{"@type":"BreadcrumbList","@id":"https:\/\/shamya.fr\/produit\/top-alce\/#breadcrumb","itemListElement":[{"@type":"ListItem","position":1,"name":"Accueil","item":"https:\/\/shamya.fr\/"},{"@type":"ListItem","position":2,"name":"Boutique","item":"https:\/\/shamya.fr\/?page_id=8"},{"@type":"ListItem","position":3,"name":"Top Alc\u00e9 P\u00eache"}]},{"@type":"WebSite","@id":"https:\/\/shamya.fr\/#website","url":"https:\/\/shamya.fr\/","name":"Shamya : v\u00eatements \u00e9co-responsables","description":"shamya-vetements-ecoresponsables","publisher":{"@id":"https:\/\/shamya.fr\/#organization"},"potentialAction":[{"@type":"SearchAction","target":{"@type":"EntryPoint","urlTemplate":"https:\/\/shamya.fr\/?s={search_term_string}"},"query-input":"required name=search_term_string"}],"inLanguage":"en-US"},{"@type":"Organization","@id":"https:\/\/shamya.fr\/#organization","name":"Shamya : v\u00eatements \u00e9co-responsables","url":"https:\/\/shamya.fr\/","logo":{"@type":"ImageObject","inLanguage":"en-US","@id":"https:\/\/shamya.fr\/#\/schema\/logo\/image\/","url":"https:\/\/shamya.fr\/wp-content\/uploads\/2022\/11\/Logo-Shamya-03-1.png","contentUrl":"https:\/\/shamya.fr\/wp-content\/uploads\/2022\/11\/Logo-Shamya-03-1.png","width":2602,"height":591,"caption":"Shamya : v\u00eatements \u00e9co-responsables"},"image":{"@id":"https:\/\/shamya.fr\/#\/schema\/logo\/image\/"}}]}},"_links":{"self":[{"href":"https:\/\/shamya.fr\/en\/wp-json\/wp\/v2\/product\/721","targetHints":{"allow":["GET"]}}],"collection":[{"href":"https:\/\/shamya.fr\/en\/wp-json\/wp\/v2\/product"}],"about":[{"href":"https:\/\/shamya.fr\/en\/wp-json\/wp\/v2\/types\/product"}],"replies":[{"embeddable":true,"href":"https:\/\/shamya.fr\/en\/wp-json\/wp\/v2\/comments?post=721"}],"wp:featuredmedia":[{"embeddable":true,"href":"https:\/\/shamya.fr\/en\/wp-json\/wp\/v2\/media\/1704"}],"wp:attachment":[{"href":"https:\/\/shamya.fr\/en\/wp-json\/wp\/v2\/media?parent=721"}],"wp:term":[{"taxonomy":"product_cat","embeddable":true,"href":"https:\/\/shamya.fr\/en\/wp-json\/wp\/v2\/product_cat?post=721"},{"taxonomy":"product_tag","embeddable":true,"href":"https:\/\/shamya.fr\/en\/wp-json\/wp\/v2\/product_tag?post=721"}],"curies":[{"name":"wp","href":"https:\/\/api.w.org\/{rel}","templated":true}]}}