{"id":1720,"date":"2023-05-04T07:11:53","date_gmt":"2023-05-04T07:11:53","guid":{"rendered":"https:\/\/shamya.fr\/?post_type=product&#038;p=1720"},"modified":"2025-05-22T12:42:06","modified_gmt":"2025-05-22T12:42:06","slug":"pantalon-alce-terracotta","status":"publish","type":"product","link":"https:\/\/shamya.fr\/en\/product\/pantalon-alce-terracotta\/","title":{"rendered":"Terracotta Alc\u00e9 pants"},"content":{"rendered":"<p>\u25cf Chambray organic cotton certified GOTS <a href=\"https:\/\/global-standard.org\/\">GOTS<\/a> (Global Organic Textile Standard), woven and dyed in France.<\/p>\n<p>\u25cf Imagined and realized in Bordeaux<\/p>\n<div class=\"elementor-divider-custom\"><span class=\"elementor-divider-separator-custom\">\u00a0<\/span><\/div>\n<p>Size tip :<\/p>\n<p>Marion is 1m70 tall and wears a size S.<\/p>\n<p>This model is adjustable, we recommend that you take your usual size.<\/p>","protected":false},"excerpt":{"rendered":"<p>Pour ce pantalon, j\u2019ai \u00e9t\u00e9 inspir\u00e9e par les D\u00e9esses combattantes, ces femmes courageuses qui osent s\u2019exprimer, \u00eatre elles-m\u00eames et d\u00e9fendre leurs valeurs. Son nom, je l\u2019ai choisi en hommage \u00e0 l\u2019esprit de la Prouesse et du Courage dans la mythologie Grecque. J\u2019ai infus\u00e9 la tenue Alc\u00e9 de cette \u00e9nergie de Guerri\u00e8re de Lumi\u00e8re : elle aide \u00e0 accepter son pouvoir int\u00e9rieur, \u00e0 prendre confiance en soi, en ses capacit\u00e9s et \u00e0 trouver la force de vivre en d\u00e9pit de nos peurs.<\/p>\n<p>Le pantalon Alc\u00e9 est pens\u00e9 pour \u00eatre tr\u00e8s confortable avec sa jambe ample et sa taille ajustable tout en \u00e9tant \u00e9l\u00e9gant avec ses fentes sur les c\u00f4t\u00e9s. Un syst\u00e8me de fermeture vient parfaire ce pantalon afin de s\u2019adapter \u00e0 tous les corps !<\/p>\n<p>Le pantalon Alc\u00e9 peut se porter facilement pour la vie de tous les jours, en toute occasion et il s\u2019harmonise tr\u00e8s bien avec le <a href=\"https:\/\/shamya.fr\/en\/product\/top-alce\/\">top Alc\u00e9<\/a>. La mati\u00e8re est douce et l\u00e9g\u00e8re, parfaite pour la demi-saison ou pour les soirs d\u2019\u00e9t\u00e9 !<\/p>","protected":false},"featured_media":1305,"comment_status":"open","ping_status":"closed","template":"","meta":{"om_disable_all_campaigns":false,"_monsterinsights_skip_tracking":false,"_monsterinsights_sitenote_active":false,"_monsterinsights_sitenote_note":"","_monsterinsights_sitenote_category":0},"product_cat":[74,67],"product_tag":[],"class_list":["post-1720","product","type-product","status-publish","has-post-thumbnail","hentry","product_cat-bas-vetements","product_cat-vetements"],"aioseo_notices":[],"yoast_head":"<!-- This site is optimized with the Yoast SEO plugin v21.5 - https:\/\/yoast.com\/wordpress\/plugins\/seo\/ -->\n<title>Pantalon Alc\u00e9 Terracotta femme en coton bio - Shamya : v\u00eatements \u00e9co-responsables<\/title>\n<meta name=\"description\" content=\"Le pantalon Alc\u00e9 est pens\u00e9 pour \u00eatre tr\u00e8s confortable avec sa jambe ample et sa taille ajustable tout en alliant \u00e9l\u00e9gance et douceur.\" \/>\n<meta name=\"robots\" content=\"index, follow, max-snippet:-1, max-image-preview:large, max-video-preview:-1\" \/>\n<link rel=\"canonical\" href=\"https:\/\/shamya.fr\/en\/product\/pantalon-alce-terracotta\/\" \/>\n<meta property=\"og:locale\" content=\"en_US\" \/>\n<meta property=\"og:type\" content=\"article\" \/>\n<meta property=\"og:title\" content=\"Pantalon Alc\u00e9 Terracotta femme en coton bio - Shamya : v\u00eatements \u00e9co-responsables\" \/>\n<meta property=\"og:description\" content=\"Le pantalon Alc\u00e9 est pens\u00e9 pour \u00eatre tr\u00e8s confortable avec sa jambe ample et sa taille ajustable tout en alliant \u00e9l\u00e9gance et douceur.\" \/>\n<meta property=\"og:url\" content=\"https:\/\/shamya.fr\/en\/product\/pantalon-alce-terracotta\/\" \/>\n<meta property=\"og:site_name\" content=\"Shamya : v\u00eatements \u00e9co-responsables\" \/>\n<meta property=\"article:modified_time\" content=\"2025-05-22T12:42:06+00:00\" \/>\n<meta property=\"og:image\" content=\"https:\/\/shamya.fr\/wp-content\/uploads\/2023\/04\/shamya-pantalon-alce-terracotta-2.jpg\" \/>\n\t<meta property=\"og:image:width\" content=\"1367\" \/>\n\t<meta property=\"og:image:height\" content=\"2048\" \/>\n\t<meta property=\"og:image:type\" content=\"image\/jpeg\" \/>\n<meta name=\"twitter:card\" content=\"summary_large_image\" \/>\n<meta name=\"twitter:label1\" content=\"Est. reading time\" \/>\n\t<meta name=\"twitter:data1\" content=\"1 minute\" \/>\n<script type=\"application\/ld+json\" class=\"yoast-schema-graph\">{\"@context\":\"https:\/\/schema.org\",\"@graph\":[{\"@type\":\"WebPage\",\"@id\":\"https:\/\/shamya.fr\/produit\/pantalon-alce-terracotta\/\",\"url\":\"https:\/\/shamya.fr\/produit\/pantalon-alce-terracotta\/\",\"name\":\"Pantalon Alc\u00e9 Terracotta femme en coton bio - Shamya : v\u00eatements \u00e9co-responsables\",\"isPartOf\":{\"@id\":\"https:\/\/shamya.fr\/#website\"},\"datePublished\":\"2023-05-04T07:11:53+00:00\",\"dateModified\":\"2025-05-22T12:42:06+00:00\",\"description\":\"Le pantalon Alc\u00e9 est pens\u00e9 pour \u00eatre tr\u00e8s confortable avec sa jambe ample et sa taille ajustable tout en alliant \u00e9l\u00e9gance et douceur.\",\"breadcrumb\":{\"@id\":\"https:\/\/shamya.fr\/produit\/pantalon-alce-terracotta\/#breadcrumb\"},\"inLanguage\":\"en-US\",\"potentialAction\":[{\"@type\":\"ReadAction\",\"target\":[\"https:\/\/shamya.fr\/produit\/pantalon-alce-terracotta\/\"]}]},{\"@type\":\"BreadcrumbList\",\"@id\":\"https:\/\/shamya.fr\/produit\/pantalon-alce-terracotta\/#breadcrumb\",\"itemListElement\":[{\"@type\":\"ListItem\",\"position\":1,\"name\":\"Accueil\",\"item\":\"https:\/\/shamya.fr\/\"},{\"@type\":\"ListItem\",\"position\":2,\"name\":\"Boutique\",\"item\":\"https:\/\/shamya.fr\/?page_id=8\"},{\"@type\":\"ListItem\",\"position\":3,\"name\":\"Pantalon Alc\u00e9 Terracotta\"}]},{\"@type\":\"WebSite\",\"@id\":\"https:\/\/shamya.fr\/#website\",\"url\":\"https:\/\/shamya.fr\/\",\"name\":\"Shamya : v\u00eatements \u00e9co-responsables\",\"description\":\"shamya-vetements-ecoresponsables\",\"publisher\":{\"@id\":\"https:\/\/shamya.fr\/#organization\"},\"potentialAction\":[{\"@type\":\"SearchAction\",\"target\":{\"@type\":\"EntryPoint\",\"urlTemplate\":\"https:\/\/shamya.fr\/?s={search_term_string}\"},\"query-input\":\"required name=search_term_string\"}],\"inLanguage\":\"en-US\"},{\"@type\":\"Organization\",\"@id\":\"https:\/\/shamya.fr\/#organization\",\"name\":\"Shamya : v\u00eatements \u00e9co-responsables\",\"url\":\"https:\/\/shamya.fr\/\",\"logo\":{\"@type\":\"ImageObject\",\"inLanguage\":\"en-US\",\"@id\":\"https:\/\/shamya.fr\/#\/schema\/logo\/image\/\",\"url\":\"https:\/\/shamya.fr\/wp-content\/uploads\/2022\/11\/Logo-Shamya-03-1.png\",\"contentUrl\":\"https:\/\/shamya.fr\/wp-content\/uploads\/2022\/11\/Logo-Shamya-03-1.png\",\"width\":2602,\"height\":591,\"caption\":\"Shamya : v\u00eatements \u00e9co-responsables\"},\"image\":{\"@id\":\"https:\/\/shamya.fr\/#\/schema\/logo\/image\/\"}}]}<\/script>\n<!-- \/ Yoast SEO plugin. -->","yoast_head_json":{"title":"Pantalon Alc\u00e9 Terracotta femme en coton bio - Shamya : v\u00eatements \u00e9co-responsables","description":"Le pantalon Alc\u00e9 est pens\u00e9 pour \u00eatre tr\u00e8s confortable avec sa jambe ample et sa taille ajustable tout en alliant \u00e9l\u00e9gance et douceur.","robots":{"index":"index","follow":"follow","max-snippet":"max-snippet:-1","max-image-preview":"max-image-preview:large","max-video-preview":"max-video-preview:-1"},"canonical":"https:\/\/shamya.fr\/en\/product\/pantalon-alce-terracotta\/","og_locale":"en_US","og_type":"article","og_title":"Pantalon Alc\u00e9 Terracotta femme en coton bio - Shamya : v\u00eatements \u00e9co-responsables","og_description":"Le pantalon Alc\u00e9 est pens\u00e9 pour \u00eatre tr\u00e8s confortable avec sa jambe ample et sa taille ajustable tout en alliant \u00e9l\u00e9gance et douceur.","og_url":"https:\/\/shamya.fr\/en\/product\/pantalon-alce-terracotta\/","og_site_name":"Shamya : v\u00eatements \u00e9co-responsables","article_modified_time":"2025-05-22T12:42:06+00:00","og_image":[{"width":1367,"height":2048,"url":"https:\/\/shamya.fr\/wp-content\/uploads\/2023\/04\/shamya-pantalon-alce-terracotta-2.jpg","type":"image\/jpeg"}],"twitter_card":"summary_large_image","twitter_misc":{"Est. reading time":"1 minute"},"schema":{"@context":"https:\/\/schema.org","@graph":[{"@type":"WebPage","@id":"https:\/\/shamya.fr\/produit\/pantalon-alce-terracotta\/","url":"https:\/\/shamya.fr\/produit\/pantalon-alce-terracotta\/","name":"Pantalon Alc\u00e9 Terracotta femme en coton bio - Shamya : v\u00eatements \u00e9co-responsables","isPartOf":{"@id":"https:\/\/shamya.fr\/#website"},"datePublished":"2023-05-04T07:11:53+00:00","dateModified":"2025-05-22T12:42:06+00:00","description":"Le pantalon Alc\u00e9 est pens\u00e9 pour \u00eatre tr\u00e8s confortable avec sa jambe ample et sa taille ajustable tout en alliant \u00e9l\u00e9gance et douceur.","breadcrumb":{"@id":"https:\/\/shamya.fr\/produit\/pantalon-alce-terracotta\/#breadcrumb"},"inLanguage":"en-US","potentialAction":[{"@type":"ReadAction","target":["https:\/\/shamya.fr\/produit\/pantalon-alce-terracotta\/"]}]},{"@type":"BreadcrumbList","@id":"https:\/\/shamya.fr\/produit\/pantalon-alce-terracotta\/#breadcrumb","itemListElement":[{"@type":"ListItem","position":1,"name":"Accueil","item":"https:\/\/shamya.fr\/"},{"@type":"ListItem","position":2,"name":"Boutique","item":"https:\/\/shamya.fr\/?page_id=8"},{"@type":"ListItem","position":3,"name":"Pantalon Alc\u00e9 Terracotta"}]},{"@type":"WebSite","@id":"https:\/\/shamya.fr\/#website","url":"https:\/\/shamya.fr\/","name":"Shamya : v\u00eatements \u00e9co-responsables","description":"shamya-vetements-ecoresponsables","publisher":{"@id":"https:\/\/shamya.fr\/#organization"},"potentialAction":[{"@type":"SearchAction","target":{"@type":"EntryPoint","urlTemplate":"https:\/\/shamya.fr\/?s={search_term_string}"},"query-input":"required name=search_term_string"}],"inLanguage":"en-US"},{"@type":"Organization","@id":"https:\/\/shamya.fr\/#organization","name":"Shamya : v\u00eatements \u00e9co-responsables","url":"https:\/\/shamya.fr\/","logo":{"@type":"ImageObject","inLanguage":"en-US","@id":"https:\/\/shamya.fr\/#\/schema\/logo\/image\/","url":"https:\/\/shamya.fr\/wp-content\/uploads\/2022\/11\/Logo-Shamya-03-1.png","contentUrl":"https:\/\/shamya.fr\/wp-content\/uploads\/2022\/11\/Logo-Shamya-03-1.png","width":2602,"height":591,"caption":"Shamya : v\u00eatements \u00e9co-responsables"},"image":{"@id":"https:\/\/shamya.fr\/#\/schema\/logo\/image\/"}}]}},"_links":{"self":[{"href":"https:\/\/shamya.fr\/en\/wp-json\/wp\/v2\/product\/1720","targetHints":{"allow":["GET"]}}],"collection":[{"href":"https:\/\/shamya.fr\/en\/wp-json\/wp\/v2\/product"}],"about":[{"href":"https:\/\/shamya.fr\/en\/wp-json\/wp\/v2\/types\/product"}],"replies":[{"embeddable":true,"href":"https:\/\/shamya.fr\/en\/wp-json\/wp\/v2\/comments?post=1720"}],"wp:featuredmedia":[{"embeddable":true,"href":"https:\/\/shamya.fr\/en\/wp-json\/wp\/v2\/media\/1305"}],"wp:attachment":[{"href":"https:\/\/shamya.fr\/en\/wp-json\/wp\/v2\/media?parent=1720"}],"wp:term":[{"taxonomy":"product_cat","embeddable":true,"href":"https:\/\/shamya.fr\/en\/wp-json\/wp\/v2\/product_cat?post=1720"},{"taxonomy":"product_tag","embeddable":true,"href":"https:\/\/shamya.fr\/en\/wp-json\/wp\/v2\/product_tag?post=1720"}],"curies":[{"name":"wp","href":"https:\/\/api.w.org\/{rel}","templated":true}]}}