{"id":1669,"date":"2023-05-03T13:41:40","date_gmt":"2023-05-03T13:41:40","guid":{"rendered":"https:\/\/shamya.fr\/?post_type=product&#038;p=1669"},"modified":"2026-03-23T14:11:50","modified_gmt":"2026-03-23T14:11:50","slug":"pantalon-apheleia-canard","status":"publish","type":"product","link":"https:\/\/shamya.fr\/en\/product\/pantalon-apheleia-canard\/","title":{"rendered":"Blue duck Apheleia Pants"},"content":{"rendered":"<p>\u25cf Chambray organic cotton certified GOTS <a href=\"https:\/\/global-standard.org\/\">GOTS<\/a> (Global Organic Textile Standard), woven and dyed in France.<\/p>\n<p>\u25cf Imagined and realized in Bordeaux<\/p>\n<div class=\"elementor-divider-custom\"><span class=\"elementor-divider-separator-custom\">\u00a0<\/span><\/div>\n<p>Size tip :<\/p>\n<p>Margot is 1m63 tall and wears a size S.<\/p>\n<p>This model size normally, we recommend you take your usual size.<\/p>","protected":false},"excerpt":{"rendered":"<p>These pants combine elegance and softness. In Greek mythology, Aph\u00e9l\u00e9ia is the spirit of Simplicity. I chose this energy to help you become aware of the natural beauty and strength of your body!<\/p>\n<p>The Aph\u00e9l\u00e9ia pants are designed to be very comfortable thanks to its adjustable size with a closure system that adapts to the body throughout the day, just loosen or tighten the ties!<\/p>\n<p>It can be worn easily for everyday life, on any occasion. It harmonizes very well with the <a href=\"https:\/\/shamya.fr\/en\/product\/top-phaenna\/\">top Phaenna<\/a> et <a href=\"https:\/\/shamya.fr\/en\/product\/top-eirene\/\">Eir\u00e9n\u00e9<\/a>The material is soft and light, perfect for the half season!<\/p>","protected":false},"featured_media":877,"comment_status":"open","ping_status":"closed","template":"","meta":{"om_disable_all_campaigns":false,"_monsterinsights_skip_tracking":false,"_monsterinsights_sitenote_active":false,"_monsterinsights_sitenote_note":"","_monsterinsights_sitenote_category":0},"product_cat":[74,27,67],"product_tag":[],"class_list":["post-1669","product","type-product","status-publish","has-post-thumbnail","hentry","product_cat-bas-vetements","product_cat-collection-phoenix","product_cat-vetements"],"aioseo_notices":[],"yoast_head":"<!-- This site is optimized with the Yoast SEO plugin v21.5 - https:\/\/yoast.com\/wordpress\/plugins\/seo\/ -->\n<title>Pantalon Aph\u00e9l\u00e9ia Canard femme en coton bio - Shamya : v\u00eatements \u00e9co-responsables<\/title>\n<meta name=\"description\" content=\"Le pantalon Aph\u00e9l\u00e9ia est pens\u00e9 pour \u00eatre tr\u00e8s confortable\u00a0gr\u00e2ce \u00e0 sa taille ajustable tout en alliant \u00e9l\u00e9gance et douceur.\" \/>\n<meta name=\"robots\" content=\"index, follow, max-snippet:-1, max-image-preview:large, max-video-preview:-1\" \/>\n<link rel=\"canonical\" href=\"https:\/\/shamya.fr\/en\/product\/pantalon-apheleia-canard\/\" \/>\n<meta property=\"og:locale\" content=\"en_US\" \/>\n<meta property=\"og:type\" content=\"article\" \/>\n<meta property=\"og:title\" content=\"Pantalon Aph\u00e9l\u00e9ia Canard femme en coton bio - Shamya : v\u00eatements \u00e9co-responsables\" \/>\n<meta property=\"og:description\" content=\"Le pantalon Aph\u00e9l\u00e9ia est pens\u00e9 pour \u00eatre tr\u00e8s confortable\u00a0gr\u00e2ce \u00e0 sa taille ajustable tout en alliant \u00e9l\u00e9gance et douceur.\" \/>\n<meta property=\"og:url\" content=\"https:\/\/shamya.fr\/en\/product\/pantalon-apheleia-canard\/\" \/>\n<meta property=\"og:site_name\" content=\"Shamya : v\u00eatements \u00e9co-responsables\" \/>\n<meta property=\"article:modified_time\" content=\"2026-03-23T14:11:50+00:00\" \/>\n<meta property=\"og:image\" content=\"https:\/\/shamya.fr\/wp-content\/uploads\/2023\/04\/shamya-pantalon-apheleia-carnard.jpg\" \/>\n\t<meta property=\"og:image:width\" content=\"1367\" \/>\n\t<meta property=\"og:image:height\" content=\"2048\" \/>\n\t<meta property=\"og:image:type\" content=\"image\/jpeg\" \/>\n<meta name=\"twitter:card\" content=\"summary_large_image\" \/>\n<meta name=\"twitter:label1\" content=\"Est. reading time\" \/>\n\t<meta name=\"twitter:data1\" content=\"1 minute\" \/>\n<script type=\"application\/ld+json\" class=\"yoast-schema-graph\">{\"@context\":\"https:\/\/schema.org\",\"@graph\":[{\"@type\":\"WebPage\",\"@id\":\"https:\/\/shamya.fr\/produit\/pantalon-apheleia-canard\/\",\"url\":\"https:\/\/shamya.fr\/produit\/pantalon-apheleia-canard\/\",\"name\":\"Pantalon Aph\u00e9l\u00e9ia Canard femme en coton bio - Shamya : v\u00eatements \u00e9co-responsables\",\"isPartOf\":{\"@id\":\"https:\/\/shamya.fr\/#website\"},\"datePublished\":\"2023-05-03T13:41:40+00:00\",\"dateModified\":\"2026-03-23T14:11:50+00:00\",\"description\":\"Le pantalon Aph\u00e9l\u00e9ia est pens\u00e9 pour \u00eatre tr\u00e8s confortable\u00a0gr\u00e2ce \u00e0 sa taille ajustable tout en alliant \u00e9l\u00e9gance et douceur.\",\"breadcrumb\":{\"@id\":\"https:\/\/shamya.fr\/produit\/pantalon-apheleia-canard\/#breadcrumb\"},\"inLanguage\":\"en-US\",\"potentialAction\":[{\"@type\":\"ReadAction\",\"target\":[\"https:\/\/shamya.fr\/produit\/pantalon-apheleia-canard\/\"]}]},{\"@type\":\"BreadcrumbList\",\"@id\":\"https:\/\/shamya.fr\/produit\/pantalon-apheleia-canard\/#breadcrumb\",\"itemListElement\":[{\"@type\":\"ListItem\",\"position\":1,\"name\":\"Accueil\",\"item\":\"https:\/\/shamya.fr\/\"},{\"@type\":\"ListItem\",\"position\":2,\"name\":\"Boutique\",\"item\":\"https:\/\/shamya.fr\/?page_id=8\"},{\"@type\":\"ListItem\",\"position\":3,\"name\":\"Pantalon Aph\u00e9l\u00e9ia Canard\"}]},{\"@type\":\"WebSite\",\"@id\":\"https:\/\/shamya.fr\/#website\",\"url\":\"https:\/\/shamya.fr\/\",\"name\":\"Shamya : v\u00eatements \u00e9co-responsables\",\"description\":\"shamya-vetements-ecoresponsables\",\"publisher\":{\"@id\":\"https:\/\/shamya.fr\/#organization\"},\"potentialAction\":[{\"@type\":\"SearchAction\",\"target\":{\"@type\":\"EntryPoint\",\"urlTemplate\":\"https:\/\/shamya.fr\/?s={search_term_string}\"},\"query-input\":\"required name=search_term_string\"}],\"inLanguage\":\"en-US\"},{\"@type\":\"Organization\",\"@id\":\"https:\/\/shamya.fr\/#organization\",\"name\":\"Shamya : v\u00eatements \u00e9co-responsables\",\"url\":\"https:\/\/shamya.fr\/\",\"logo\":{\"@type\":\"ImageObject\",\"inLanguage\":\"en-US\",\"@id\":\"https:\/\/shamya.fr\/#\/schema\/logo\/image\/\",\"url\":\"https:\/\/shamya.fr\/wp-content\/uploads\/2022\/11\/Logo-Shamya-03-1.png\",\"contentUrl\":\"https:\/\/shamya.fr\/wp-content\/uploads\/2022\/11\/Logo-Shamya-03-1.png\",\"width\":2602,\"height\":591,\"caption\":\"Shamya : v\u00eatements \u00e9co-responsables\"},\"image\":{\"@id\":\"https:\/\/shamya.fr\/#\/schema\/logo\/image\/\"}}]}<\/script>\n<!-- \/ Yoast SEO plugin. -->","yoast_head_json":{"title":"Pantalon Aph\u00e9l\u00e9ia Canard femme en coton bio - Shamya : v\u00eatements \u00e9co-responsables","description":"Le pantalon Aph\u00e9l\u00e9ia est pens\u00e9 pour \u00eatre tr\u00e8s confortable\u00a0gr\u00e2ce \u00e0 sa taille ajustable tout en alliant \u00e9l\u00e9gance et douceur.","robots":{"index":"index","follow":"follow","max-snippet":"max-snippet:-1","max-image-preview":"max-image-preview:large","max-video-preview":"max-video-preview:-1"},"canonical":"https:\/\/shamya.fr\/en\/product\/pantalon-apheleia-canard\/","og_locale":"en_US","og_type":"article","og_title":"Pantalon Aph\u00e9l\u00e9ia Canard femme en coton bio - Shamya : v\u00eatements \u00e9co-responsables","og_description":"Le pantalon Aph\u00e9l\u00e9ia est pens\u00e9 pour \u00eatre tr\u00e8s confortable\u00a0gr\u00e2ce \u00e0 sa taille ajustable tout en alliant \u00e9l\u00e9gance et douceur.","og_url":"https:\/\/shamya.fr\/en\/product\/pantalon-apheleia-canard\/","og_site_name":"Shamya : v\u00eatements \u00e9co-responsables","article_modified_time":"2026-03-23T14:11:50+00:00","og_image":[{"width":1367,"height":2048,"url":"https:\/\/shamya.fr\/wp-content\/uploads\/2023\/04\/shamya-pantalon-apheleia-carnard.jpg","type":"image\/jpeg"}],"twitter_card":"summary_large_image","twitter_misc":{"Est. reading time":"1 minute"},"schema":{"@context":"https:\/\/schema.org","@graph":[{"@type":"WebPage","@id":"https:\/\/shamya.fr\/produit\/pantalon-apheleia-canard\/","url":"https:\/\/shamya.fr\/produit\/pantalon-apheleia-canard\/","name":"Pantalon Aph\u00e9l\u00e9ia Canard femme en coton bio - Shamya : v\u00eatements \u00e9co-responsables","isPartOf":{"@id":"https:\/\/shamya.fr\/#website"},"datePublished":"2023-05-03T13:41:40+00:00","dateModified":"2026-03-23T14:11:50+00:00","description":"Le pantalon Aph\u00e9l\u00e9ia est pens\u00e9 pour \u00eatre tr\u00e8s confortable\u00a0gr\u00e2ce \u00e0 sa taille ajustable tout en alliant \u00e9l\u00e9gance et douceur.","breadcrumb":{"@id":"https:\/\/shamya.fr\/produit\/pantalon-apheleia-canard\/#breadcrumb"},"inLanguage":"en-US","potentialAction":[{"@type":"ReadAction","target":["https:\/\/shamya.fr\/produit\/pantalon-apheleia-canard\/"]}]},{"@type":"BreadcrumbList","@id":"https:\/\/shamya.fr\/produit\/pantalon-apheleia-canard\/#breadcrumb","itemListElement":[{"@type":"ListItem","position":1,"name":"Accueil","item":"https:\/\/shamya.fr\/"},{"@type":"ListItem","position":2,"name":"Boutique","item":"https:\/\/shamya.fr\/?page_id=8"},{"@type":"ListItem","position":3,"name":"Pantalon Aph\u00e9l\u00e9ia Canard"}]},{"@type":"WebSite","@id":"https:\/\/shamya.fr\/#website","url":"https:\/\/shamya.fr\/","name":"Shamya : v\u00eatements \u00e9co-responsables","description":"shamya-vetements-ecoresponsables","publisher":{"@id":"https:\/\/shamya.fr\/#organization"},"potentialAction":[{"@type":"SearchAction","target":{"@type":"EntryPoint","urlTemplate":"https:\/\/shamya.fr\/?s={search_term_string}"},"query-input":"required name=search_term_string"}],"inLanguage":"en-US"},{"@type":"Organization","@id":"https:\/\/shamya.fr\/#organization","name":"Shamya : v\u00eatements \u00e9co-responsables","url":"https:\/\/shamya.fr\/","logo":{"@type":"ImageObject","inLanguage":"en-US","@id":"https:\/\/shamya.fr\/#\/schema\/logo\/image\/","url":"https:\/\/shamya.fr\/wp-content\/uploads\/2022\/11\/Logo-Shamya-03-1.png","contentUrl":"https:\/\/shamya.fr\/wp-content\/uploads\/2022\/11\/Logo-Shamya-03-1.png","width":2602,"height":591,"caption":"Shamya : v\u00eatements \u00e9co-responsables"},"image":{"@id":"https:\/\/shamya.fr\/#\/schema\/logo\/image\/"}}]}},"_links":{"self":[{"href":"https:\/\/shamya.fr\/en\/wp-json\/wp\/v2\/product\/1669","targetHints":{"allow":["GET"]}}],"collection":[{"href":"https:\/\/shamya.fr\/en\/wp-json\/wp\/v2\/product"}],"about":[{"href":"https:\/\/shamya.fr\/en\/wp-json\/wp\/v2\/types\/product"}],"replies":[{"embeddable":true,"href":"https:\/\/shamya.fr\/en\/wp-json\/wp\/v2\/comments?post=1669"}],"wp:featuredmedia":[{"embeddable":true,"href":"https:\/\/shamya.fr\/en\/wp-json\/wp\/v2\/media\/877"}],"wp:attachment":[{"href":"https:\/\/shamya.fr\/en\/wp-json\/wp\/v2\/media?parent=1669"}],"wp:term":[{"taxonomy":"product_cat","embeddable":true,"href":"https:\/\/shamya.fr\/en\/wp-json\/wp\/v2\/product_cat?post=1669"},{"taxonomy":"product_tag","embeddable":true,"href":"https:\/\/shamya.fr\/en\/wp-json\/wp\/v2\/product_tag?post=1669"}],"curies":[{"name":"wp","href":"https:\/\/api.w.org\/{rel}","templated":true}]}}