{"id":1447,"date":"2023-04-27T13:03:57","date_gmt":"2023-04-27T13:03:57","guid":{"rendered":"https:\/\/shamya.fr\/?post_type=product&#038;p=1447"},"modified":"2025-05-22T12:45:09","modified_gmt":"2025-05-22T12:45:09","slug":"top-eirene-lila","status":"publish","type":"product","link":"https:\/\/shamya.fr\/en\/product\/top-eirene-lila\/","title":{"rendered":"Lilac Top Eirene"},"content":{"rendered":"<p>\u25cf Chambray organic cotton certified GOTS <a href=\"https:\/\/global-standard.org\/\">GOTS<\/a> (Global Organic Textile Standard), woven and dyed in France.<\/p>\n<p>\u25cf Imagined and realized in Bordeaux<\/p>\n<div class=\"elementor-divider-custom\"><span class=\"elementor-divider-separator-custom\">\u00a0<\/span><\/div>\n<p>Size tip :<\/p>\n<p>Marion is 1m70 tall and wears a size S.<\/p>\n<p>This model size normally, we recommend you take your usual size.<\/p>","protected":false},"excerpt":{"rendered":"<p>Eirene is the Goddess of Peace. She brings compassion and empathy, two essential qualities to have a great day. The softness of the material and the harmony of the shape have been designed to bring you this calm and soothing energy and to allow you to diffuse it around you. <span class=\"corrected-phrase corrected-phrase_synonyms-mode ng-star-inserted\" data-end=\"1\" data-originaltext=\"La\" data-start=\"0\" data-text=\"\"><span class=\"corrected-phrase__displayed-text corrected-phrase__displayed-text_no-correction corrected-phrase__displayed-text_synonyms-mode ng-star-inserted\">La<\/span><\/span> <span class=\"corrected-phrase corrected-phrase_synonyms-mode ng-star-inserted\" data-end=\"9\" data-originaltext=\"douceur\" data-start=\"3\" data-text=\"\"><span class=\"corrected-phrase__displayed-text corrected-phrase__displayed-text_no-correction corrected-phrase__displayed-text_synonyms-mode ng-star-inserted\">douceur<\/span><\/span> <span class=\"corrected-phrase corrected-phrase_synonyms-mode ng-star-inserted\" data-end=\"12\" data-originaltext=\"de\" data-start=\"11\" data-text=\"\"><span class=\"corrected-phrase__displayed-text corrected-phrase__displayed-text_no-correction corrected-phrase__displayed-text_synonyms-mode ng-star-inserted\">de<\/span><\/span> <span class=\"corrected-phrase corrected-phrase_synonyms-mode ng-star-inserted\" data-end=\"15\" data-originaltext=\"la\" data-start=\"14\" data-text=\"\"><span class=\"corrected-phrase__displayed-text corrected-phrase__displayed-text_no-correction corrected-phrase__displayed-text_synonyms-mode ng-star-inserted\">la<\/span><\/span> <span class=\"corrected-phrase corrected-phrase_synonyms-mode ng-star-inserted\" data-end=\"23\" data-originaltext=\"mati\u00e8re\" data-start=\"17\" data-text=\"\"><span class=\"corrected-phrase__displayed-text corrected-phrase__displayed-text_no-correction corrected-phrase__displayed-text_synonyms-mode ng-star-inserted\">mati\u00e8re<\/span><\/span> <span class=\"corrected-phrase corrected-phrase_synonyms-mode ng-star-inserted\" data-end=\"26\" data-originaltext=\"et\" data-start=\"25\" data-text=\"\"><span class=\"corrected-phrase__displayed-text corrected-phrase__displayed-text_no-correction corrected-phrase__displayed-text_synonyms-mode ng-star-inserted\">et<\/span><\/span> <span class=\"corrected-phrase corrected-phrase_synonyms-mode ng-star-inserted\" data-end=\"28\" data-originaltext=\"l\" data-start=\"28\" data-text=\"\"><span class=\"corrected-phrase__displayed-text corrected-phrase__displayed-text_no-correction corrected-phrase__displayed-text_synonyms-mode ng-star-inserted\">l<\/span><\/span><span class=\"corrected-phrase ng-star-inserted\" data-end=\"29\" data-originaltext=\"\u2019\" data-start=\"29\" data-text=\"\"><span class=\"corrected-phrase__displayed-text corrected-phrase__displayed-text_no-correction ng-star-inserted\">\u2019<\/span><\/span><span class=\"corrected-phrase corrected-phrase_synonyms-mode ng-star-inserted\" data-end=\"37\" data-originaltext=\"harmonie\" data-start=\"30\" data-text=\"\"><span class=\"corrected-phrase__displayed-text corrected-phrase__displayed-text_no-correction corrected-phrase__displayed-text_synonyms-mode ng-star-inserted\">harmonie<\/span><\/span> <span class=\"corrected-phrase corrected-phrase_synonyms-mode ng-star-inserted\" data-end=\"40\" data-originaltext=\"de\" data-start=\"39\" data-text=\"\"><span class=\"corrected-phrase__displayed-text corrected-phrase__displayed-text_no-correction corrected-phrase__displayed-text_synonyms-mode ng-star-inserted\">de<\/span><\/span> <span class=\"corrected-phrase corrected-phrase_synonyms-mode ng-star-inserted\" data-end=\"43\" data-originaltext=\"la\" data-start=\"42\" data-text=\"\"><span class=\"corrected-phrase__displayed-text corrected-phrase__displayed-text_no-correction corrected-phrase__displayed-text_synonyms-mode ng-star-inserted\">la<\/span><\/span> <span class=\"corrected-phrase corrected-phrase_synonyms-mode ng-star-inserted\" data-end=\"49\" data-originaltext=\"coupe\" data-start=\"45\" data-text=\"\"><span class=\"corrected-phrase__displayed-text corrected-phrase__displayed-text_no-correction corrected-phrase__displayed-text_synonyms-mode ng-star-inserted\">coupe<\/span><\/span> <span class=\"corrected-phrase ng-star-inserted\" data-end=\"51\" data-originaltext=\"a\" data-start=\"51\" data-text=\"ont\"><span class=\"corrected-phrase__displayed-text corrected-phrase__displayed-text_bubbled\" data-group=\"AutoCorrected\" data-suggestions=\"1\" data-type=\"Grammar\">ont<\/span><\/span> <span class=\"corrected-phrase corrected-phrase_synonyms-mode ng-star-inserted\" data-end=\"55\" data-originaltext=\"\u00e9t\u00e9\" data-start=\"53\" data-text=\"\"><span class=\"corrected-phrase__displayed-text corrected-phrase__displayed-text_no-correction corrected-phrase__displayed-text_synonyms-mode ng-star-inserted\">\u00e9t\u00e9<\/span><\/span> <span class=\"corrected-phrase ng-star-inserted\" data-end=\"62\" data-originaltext=\"pens\u00e9e\" data-start=\"57\" data-text=\"pens\u00e9es\"><span class=\"corrected-phrase__displayed-text corrected-phrase__displayed-text_bubbled\" data-group=\"AutoCorrected\" data-suggestions=\"1\" data-type=\"Grammar\">pens\u00e9es<\/span><\/span> pour vous apporter confort et f\u00e9minit\u00e9.<\/p>\n<p>This top can be worn easily without a bra, the cut offering good support. The ties can be tied in different ways, around the neck, back, waist... And the size is adjustable thanks to the knot in the back.<\/p>\n<p>The Eirene top is ideal for the summer season and can be worn for any occasion.<\/p>\n<p>Worn with the<a href=\"https:\/\/shamya.fr\/en\/product\/jupe-hemera\/\"> Hemera skirt<\/a>, it\u2019s the perfect outfit for a summer evening. This top can also be associated with <a href=\"https:\/\/shamya.fr\/en\/product\/pantalon-alce-femme-en-coton-bio\/\">Alce Pants<\/a> or with jeans for a comfortable and feminine casual chic look.<\/p>","protected":false},"featured_media":1682,"comment_status":"open","ping_status":"closed","template":"","meta":{"om_disable_all_campaigns":false,"_monsterinsights_skip_tracking":false,"_monsterinsights_sitenote_active":false,"_monsterinsights_sitenote_note":"","_monsterinsights_sitenote_category":0},"product_cat":[68,67],"product_tag":[],"class_list":["post-1447","product","type-product","status-publish","has-post-thumbnail","hentry","product_cat-hauts-vetements","product_cat-vetements"],"aioseo_notices":[],"yoast_head":"<!-- This site is optimized with the Yoast SEO plugin v21.5 - https:\/\/yoast.com\/wordpress\/plugins\/seo\/ -->\n<title>Top Eir\u00e9n\u00e9 Lila - Shamya : v\u00eatements \u00e9co-responsables<\/title>\n<meta name=\"robots\" content=\"index, follow, max-snippet:-1, max-image-preview:large, max-video-preview:-1\" \/>\n<link rel=\"canonical\" href=\"https:\/\/shamya.fr\/en\/product\/top-eirene-lila\/\" \/>\n<meta property=\"og:locale\" content=\"en_US\" \/>\n<meta property=\"og:type\" content=\"article\" \/>\n<meta property=\"og:title\" content=\"Top Eir\u00e9n\u00e9 Lila - Shamya : v\u00eatements \u00e9co-responsables\" \/>\n<meta property=\"og:description\" content=\"Eir\u00e9n\u00e9 est la d\u00e9esse de la Paix, elle apporte compassion et empathie. La douceur de la mati\u00e8re et l\u2019harmonie de la coupe ont \u00e9t\u00e9 pens\u00e9es pour vous apporter confort et f\u00e9minit\u00e9.  Ce top peut se porter ais\u00e9ment sans soutien-gorge, la coupe offrant un bon maintien. Les liens peuvent se nouer de diff\u00e9rentes fa\u00e7ons, autour du cou, du dos, de la taille\u2026 La taille est ajustable gr\u00e2ce au n\u0153ud dans le dos.  Le top Eir\u00e9n\u00e9 est id\u00e9al pour la saison estivale et peut se porter en toute occasion.  Port\u00e9 avec la jupe H\u00e9m\u00e9ra, c\u2019est la tenue parfaite pour une soir\u00e9e estivale. Ce top peut aussi s\u2019associer au pantalon Alc\u00e9 ou avec un jean pour un look casual chic confortable et f\u00e9minin.\" \/>\n<meta property=\"og:url\" content=\"https:\/\/shamya.fr\/en\/product\/top-eirene-lila\/\" \/>\n<meta property=\"og:site_name\" content=\"Shamya : v\u00eatements \u00e9co-responsables\" \/>\n<meta property=\"article:modified_time\" content=\"2025-05-22T12:45:09+00:00\" \/>\n<meta property=\"og:image\" content=\"https:\/\/shamya.fr\/wp-content\/uploads\/2023\/04\/shamya-top-eirene-lila-1-scaled.jpg\" \/>\n\t<meta property=\"og:image:width\" content=\"1708\" \/>\n\t<meta property=\"og:image:height\" content=\"2560\" \/>\n\t<meta property=\"og:image:type\" content=\"image\/jpeg\" \/>\n<meta name=\"twitter:card\" content=\"summary_large_image\" \/>\n<meta name=\"twitter:label1\" content=\"Est. reading time\" \/>\n\t<meta name=\"twitter:data1\" content=\"1 minute\" \/>\n<script type=\"application\/ld+json\" class=\"yoast-schema-graph\">{\"@context\":\"https:\/\/schema.org\",\"@graph\":[{\"@type\":\"WebPage\",\"@id\":\"https:\/\/shamya.fr\/produit\/top-eirene-lila\/\",\"url\":\"https:\/\/shamya.fr\/produit\/top-eirene-lila\/\",\"name\":\"Top Eir\u00e9n\u00e9 Lila - Shamya : v\u00eatements \u00e9co-responsables\",\"isPartOf\":{\"@id\":\"https:\/\/shamya.fr\/#website\"},\"datePublished\":\"2023-04-27T13:03:57+00:00\",\"dateModified\":\"2025-05-22T12:45:09+00:00\",\"breadcrumb\":{\"@id\":\"https:\/\/shamya.fr\/produit\/top-eirene-lila\/#breadcrumb\"},\"inLanguage\":\"en-US\",\"potentialAction\":[{\"@type\":\"ReadAction\",\"target\":[\"https:\/\/shamya.fr\/produit\/top-eirene-lila\/\"]}]},{\"@type\":\"BreadcrumbList\",\"@id\":\"https:\/\/shamya.fr\/produit\/top-eirene-lila\/#breadcrumb\",\"itemListElement\":[{\"@type\":\"ListItem\",\"position\":1,\"name\":\"Accueil\",\"item\":\"https:\/\/shamya.fr\/\"},{\"@type\":\"ListItem\",\"position\":2,\"name\":\"Boutique\",\"item\":\"https:\/\/shamya.fr\/?page_id=8\"},{\"@type\":\"ListItem\",\"position\":3,\"name\":\"Top Eir\u00e9n\u00e9 Lila\"}]},{\"@type\":\"WebSite\",\"@id\":\"https:\/\/shamya.fr\/#website\",\"url\":\"https:\/\/shamya.fr\/\",\"name\":\"Shamya : v\u00eatements \u00e9co-responsables\",\"description\":\"shamya-vetements-ecoresponsables\",\"publisher\":{\"@id\":\"https:\/\/shamya.fr\/#organization\"},\"potentialAction\":[{\"@type\":\"SearchAction\",\"target\":{\"@type\":\"EntryPoint\",\"urlTemplate\":\"https:\/\/shamya.fr\/?s={search_term_string}\"},\"query-input\":\"required name=search_term_string\"}],\"inLanguage\":\"en-US\"},{\"@type\":\"Organization\",\"@id\":\"https:\/\/shamya.fr\/#organization\",\"name\":\"Shamya : v\u00eatements \u00e9co-responsables\",\"url\":\"https:\/\/shamya.fr\/\",\"logo\":{\"@type\":\"ImageObject\",\"inLanguage\":\"en-US\",\"@id\":\"https:\/\/shamya.fr\/#\/schema\/logo\/image\/\",\"url\":\"https:\/\/shamya.fr\/wp-content\/uploads\/2022\/11\/Logo-Shamya-03-1.png\",\"contentUrl\":\"https:\/\/shamya.fr\/wp-content\/uploads\/2022\/11\/Logo-Shamya-03-1.png\",\"width\":2602,\"height\":591,\"caption\":\"Shamya : v\u00eatements \u00e9co-responsables\"},\"image\":{\"@id\":\"https:\/\/shamya.fr\/#\/schema\/logo\/image\/\"}}]}<\/script>\n<!-- \/ Yoast SEO plugin. -->","yoast_head_json":{"title":"Top Eir\u00e9n\u00e9 Lila - Shamya : v\u00eatements \u00e9co-responsables","robots":{"index":"index","follow":"follow","max-snippet":"max-snippet:-1","max-image-preview":"max-image-preview:large","max-video-preview":"max-video-preview:-1"},"canonical":"https:\/\/shamya.fr\/en\/product\/top-eirene-lila\/","og_locale":"en_US","og_type":"article","og_title":"Top Eir\u00e9n\u00e9 Lila - Shamya : v\u00eatements \u00e9co-responsables","og_description":"Eir\u00e9n\u00e9 est la d\u00e9esse de la Paix, elle apporte compassion et empathie. La douceur de la mati\u00e8re et l\u2019harmonie de la coupe ont \u00e9t\u00e9 pens\u00e9es pour vous apporter confort et f\u00e9minit\u00e9.  Ce top peut se porter ais\u00e9ment sans soutien-gorge, la coupe offrant un bon maintien. Les liens peuvent se nouer de diff\u00e9rentes fa\u00e7ons, autour du cou, du dos, de la taille\u2026 La taille est ajustable gr\u00e2ce au n\u0153ud dans le dos.  Le top Eir\u00e9n\u00e9 est id\u00e9al pour la saison estivale et peut se porter en toute occasion.  Port\u00e9 avec la jupe H\u00e9m\u00e9ra, c\u2019est la tenue parfaite pour une soir\u00e9e estivale. Ce top peut aussi s\u2019associer au pantalon Alc\u00e9 ou avec un jean pour un look casual chic confortable et f\u00e9minin.","og_url":"https:\/\/shamya.fr\/en\/product\/top-eirene-lila\/","og_site_name":"Shamya : v\u00eatements \u00e9co-responsables","article_modified_time":"2025-05-22T12:45:09+00:00","og_image":[{"width":1708,"height":2560,"url":"https:\/\/shamya.fr\/wp-content\/uploads\/2023\/04\/shamya-top-eirene-lila-1-scaled.jpg","type":"image\/jpeg"}],"twitter_card":"summary_large_image","twitter_misc":{"Est. reading time":"1 minute"},"schema":{"@context":"https:\/\/schema.org","@graph":[{"@type":"WebPage","@id":"https:\/\/shamya.fr\/produit\/top-eirene-lila\/","url":"https:\/\/shamya.fr\/produit\/top-eirene-lila\/","name":"Top Eir\u00e9n\u00e9 Lila - Shamya : v\u00eatements \u00e9co-responsables","isPartOf":{"@id":"https:\/\/shamya.fr\/#website"},"datePublished":"2023-04-27T13:03:57+00:00","dateModified":"2025-05-22T12:45:09+00:00","breadcrumb":{"@id":"https:\/\/shamya.fr\/produit\/top-eirene-lila\/#breadcrumb"},"inLanguage":"en-US","potentialAction":[{"@type":"ReadAction","target":["https:\/\/shamya.fr\/produit\/top-eirene-lila\/"]}]},{"@type":"BreadcrumbList","@id":"https:\/\/shamya.fr\/produit\/top-eirene-lila\/#breadcrumb","itemListElement":[{"@type":"ListItem","position":1,"name":"Accueil","item":"https:\/\/shamya.fr\/"},{"@type":"ListItem","position":2,"name":"Boutique","item":"https:\/\/shamya.fr\/?page_id=8"},{"@type":"ListItem","position":3,"name":"Top Eir\u00e9n\u00e9 Lila"}]},{"@type":"WebSite","@id":"https:\/\/shamya.fr\/#website","url":"https:\/\/shamya.fr\/","name":"Shamya : v\u00eatements \u00e9co-responsables","description":"shamya-vetements-ecoresponsables","publisher":{"@id":"https:\/\/shamya.fr\/#organization"},"potentialAction":[{"@type":"SearchAction","target":{"@type":"EntryPoint","urlTemplate":"https:\/\/shamya.fr\/?s={search_term_string}"},"query-input":"required name=search_term_string"}],"inLanguage":"en-US"},{"@type":"Organization","@id":"https:\/\/shamya.fr\/#organization","name":"Shamya : v\u00eatements \u00e9co-responsables","url":"https:\/\/shamya.fr\/","logo":{"@type":"ImageObject","inLanguage":"en-US","@id":"https:\/\/shamya.fr\/#\/schema\/logo\/image\/","url":"https:\/\/shamya.fr\/wp-content\/uploads\/2022\/11\/Logo-Shamya-03-1.png","contentUrl":"https:\/\/shamya.fr\/wp-content\/uploads\/2022\/11\/Logo-Shamya-03-1.png","width":2602,"height":591,"caption":"Shamya : v\u00eatements \u00e9co-responsables"},"image":{"@id":"https:\/\/shamya.fr\/#\/schema\/logo\/image\/"}}]}},"_links":{"self":[{"href":"https:\/\/shamya.fr\/en\/wp-json\/wp\/v2\/product\/1447","targetHints":{"allow":["GET"]}}],"collection":[{"href":"https:\/\/shamya.fr\/en\/wp-json\/wp\/v2\/product"}],"about":[{"href":"https:\/\/shamya.fr\/en\/wp-json\/wp\/v2\/types\/product"}],"replies":[{"embeddable":true,"href":"https:\/\/shamya.fr\/en\/wp-json\/wp\/v2\/comments?post=1447"}],"wp:featuredmedia":[{"embeddable":true,"href":"https:\/\/shamya.fr\/en\/wp-json\/wp\/v2\/media\/1682"}],"wp:attachment":[{"href":"https:\/\/shamya.fr\/en\/wp-json\/wp\/v2\/media?parent=1447"}],"wp:term":[{"taxonomy":"product_cat","embeddable":true,"href":"https:\/\/shamya.fr\/en\/wp-json\/wp\/v2\/product_cat?post=1447"},{"taxonomy":"product_tag","embeddable":true,"href":"https:\/\/shamya.fr\/en\/wp-json\/wp\/v2\/product_tag?post=1447"}],"curies":[{"name":"wp","href":"https:\/\/api.w.org\/{rel}","templated":true}]}}