{"id":108,"date":"2023-04-10T12:04:21","date_gmt":"2023-04-10T12:04:21","guid":{"rendered":"http:\/\/doron"},"modified":"2025-05-22T12:46:45","modified_gmt":"2025-05-22T12:46:45","slug":"combinaison-aglae-femme-en-satin","status":"publish","type":"product","link":"https:\/\/shamya.fr\/en\/product\/combinaison-aglae-femme-en-satin\/","title":{"rendered":"Combination Aglae"},"content":{"rendered":"<p>\u25cf Satin de coton biologique certifi\u00e9 <a href=\"https:\/\/global-standard.org\/\">GOTS<\/a> (Global Organic Textile Standard), woven and dyed in France.<\/p>\n<p>\u25cf Designed and produced in Bordeaux<\/p>\n<p>\u25cf Natural rubber elastic<\/p>\n<div class=\"elementor-divider-custom\"><span class=\"elementor-divider-separator-custom\">\u00a0<\/span><\/div>\n<p>Size tip :<\/p>\n<p>Estelle (lilac jumpsuit) is 1m73 tall, Marilyn (peach jumpsuit) is 1m77 and wears a size S. Clara (carnard jumpsuit) is 1.72m tall and wears a size M.<\/p>\n<p>This model size normally, we recommend you take your usual size.<\/p>","protected":false},"excerpt":{"rendered":"<p>This pretty back-naked jumpsuit is an ode to beauty, femininity and delicacy. Agla\u00e9 is one of the 3 Graces: the Grace of Splendour and Glory! In Greek mythology, it is a symbol of beauty and success. So I chose this energy so that you would have this sovereignty that is dormant in you.<\/p>\n<p>It is comfortable to wear and adapts to all bodies thanks to the elastics and tightening links.<\/p>\n<p>The Agla\u00e9 suit can be worn easily for everyday life, on any occasion. The material is soft and light, perfect for the half season!<\/p>","protected":false},"featured_media":1681,"comment_status":"open","ping_status":"closed","template":"","meta":{"om_disable_all_campaigns":false,"_monsterinsights_skip_tracking":false,"_monsterinsights_sitenote_active":false,"_monsterinsights_sitenote_note":"","_monsterinsights_sitenote_category":0},"product_cat":[83,67],"product_tag":[],"class_list":["post-108","product","type-product","status-publish","has-post-thumbnail","hentry","product_cat-robes-et-combinaisons-vetements","product_cat-vetements"],"aioseo_notices":[],"yoast_head":"<!-- This site is optimized with the Yoast SEO plugin v21.5 - https:\/\/yoast.com\/wordpress\/plugins\/seo\/ -->\n<title>Combinaison Agla\u00e9 femme en satin - Shamya : v\u00eatements \u00e9co-responsables<\/title>\n<meta name=\"description\" content=\"Combinaison femme dos-nu faite de satin de coton biologique certifi\u00e9 GOTS, tiss\u00e9e et teint en France. Imagin\u00e9e et r\u00e9alis\u00e9e \u00e0 Bordeaux.\" \/>\n<meta name=\"robots\" content=\"index, follow, max-snippet:-1, max-image-preview:large, max-video-preview:-1\" \/>\n<link rel=\"canonical\" href=\"https:\/\/shamya.fr\/en\/product\/combinaison-aglae-femme-en-satin\/\" \/>\n<meta property=\"og:locale\" content=\"en_US\" \/>\n<meta property=\"og:type\" content=\"article\" \/>\n<meta property=\"og:title\" content=\"Combinaison Agla\u00e9 femme en satin - Shamya : v\u00eatements \u00e9co-responsables\" \/>\n<meta property=\"og:description\" content=\"Combinaison femme dos-nu faite de satin de coton biologique certifi\u00e9 GOTS, tiss\u00e9e et teint en France. Imagin\u00e9e et r\u00e9alis\u00e9e \u00e0 Bordeaux.\" \/>\n<meta property=\"og:url\" content=\"https:\/\/shamya.fr\/en\/product\/combinaison-aglae-femme-en-satin\/\" \/>\n<meta property=\"og:site_name\" content=\"Shamya : v\u00eatements \u00e9co-responsables\" \/>\n<meta property=\"article:modified_time\" content=\"2025-05-22T12:46:45+00:00\" \/>\n<meta property=\"og:image\" content=\"https:\/\/shamya.fr\/wp-content\/uploads\/2023\/04\/shamya-combinaison-aglae-site-scaled.jpg\" \/>\n\t<meta property=\"og:image:width\" content=\"1709\" \/>\n\t<meta property=\"og:image:height\" content=\"2560\" \/>\n\t<meta property=\"og:image:type\" content=\"image\/jpeg\" \/>\n<meta name=\"twitter:card\" content=\"summary_large_image\" \/>\n<meta name=\"twitter:label1\" content=\"Est. reading time\" \/>\n\t<meta name=\"twitter:data1\" content=\"1 minute\" \/>\n<script type=\"application\/ld+json\" class=\"yoast-schema-graph\">{\"@context\":\"https:\/\/schema.org\",\"@graph\":[{\"@type\":\"WebPage\",\"@id\":\"https:\/\/shamya.fr\/produit\/combinaison-aglae-femme-en-satin\/\",\"url\":\"https:\/\/shamya.fr\/produit\/combinaison-aglae-femme-en-satin\/\",\"name\":\"Combinaison Agla\u00e9 femme en satin - Shamya : v\u00eatements \u00e9co-responsables\",\"isPartOf\":{\"@id\":\"https:\/\/shamya.fr\/#website\"},\"datePublished\":\"2023-04-10T12:04:21+00:00\",\"dateModified\":\"2025-05-22T12:46:45+00:00\",\"description\":\"Combinaison femme dos-nu faite de satin de coton biologique certifi\u00e9 GOTS, tiss\u00e9e et teint en France. Imagin\u00e9e et r\u00e9alis\u00e9e \u00e0 Bordeaux.\",\"breadcrumb\":{\"@id\":\"https:\/\/shamya.fr\/produit\/combinaison-aglae-femme-en-satin\/#breadcrumb\"},\"inLanguage\":\"en-US\",\"potentialAction\":[{\"@type\":\"ReadAction\",\"target\":[\"https:\/\/shamya.fr\/produit\/combinaison-aglae-femme-en-satin\/\"]}]},{\"@type\":\"BreadcrumbList\",\"@id\":\"https:\/\/shamya.fr\/produit\/combinaison-aglae-femme-en-satin\/#breadcrumb\",\"itemListElement\":[{\"@type\":\"ListItem\",\"position\":1,\"name\":\"Accueil\",\"item\":\"https:\/\/shamya.fr\/\"},{\"@type\":\"ListItem\",\"position\":2,\"name\":\"Boutique\",\"item\":\"https:\/\/shamya.fr\/?page_id=8\"},{\"@type\":\"ListItem\",\"position\":3,\"name\":\"Combinaison Agla\u00e9\"}]},{\"@type\":\"WebSite\",\"@id\":\"https:\/\/shamya.fr\/#website\",\"url\":\"https:\/\/shamya.fr\/\",\"name\":\"Shamya : v\u00eatements \u00e9co-responsables\",\"description\":\"shamya-vetements-ecoresponsables\",\"publisher\":{\"@id\":\"https:\/\/shamya.fr\/#organization\"},\"potentialAction\":[{\"@type\":\"SearchAction\",\"target\":{\"@type\":\"EntryPoint\",\"urlTemplate\":\"https:\/\/shamya.fr\/?s={search_term_string}\"},\"query-input\":\"required name=search_term_string\"}],\"inLanguage\":\"en-US\"},{\"@type\":\"Organization\",\"@id\":\"https:\/\/shamya.fr\/#organization\",\"name\":\"Shamya : v\u00eatements \u00e9co-responsables\",\"url\":\"https:\/\/shamya.fr\/\",\"logo\":{\"@type\":\"ImageObject\",\"inLanguage\":\"en-US\",\"@id\":\"https:\/\/shamya.fr\/#\/schema\/logo\/image\/\",\"url\":\"https:\/\/shamya.fr\/wp-content\/uploads\/2022\/11\/Logo-Shamya-03-1.png\",\"contentUrl\":\"https:\/\/shamya.fr\/wp-content\/uploads\/2022\/11\/Logo-Shamya-03-1.png\",\"width\":2602,\"height\":591,\"caption\":\"Shamya : v\u00eatements \u00e9co-responsables\"},\"image\":{\"@id\":\"https:\/\/shamya.fr\/#\/schema\/logo\/image\/\"}}]}<\/script>\n<!-- \/ Yoast SEO plugin. -->","yoast_head_json":{"title":"Combinaison Agla\u00e9 femme en satin - Shamya : v\u00eatements \u00e9co-responsables","description":"Combinaison femme dos-nu faite de satin de coton biologique certifi\u00e9 GOTS, tiss\u00e9e et teint en France. Imagin\u00e9e et r\u00e9alis\u00e9e \u00e0 Bordeaux.","robots":{"index":"index","follow":"follow","max-snippet":"max-snippet:-1","max-image-preview":"max-image-preview:large","max-video-preview":"max-video-preview:-1"},"canonical":"https:\/\/shamya.fr\/en\/product\/combinaison-aglae-femme-en-satin\/","og_locale":"en_US","og_type":"article","og_title":"Combinaison Agla\u00e9 femme en satin - Shamya : v\u00eatements \u00e9co-responsables","og_description":"Combinaison femme dos-nu faite de satin de coton biologique certifi\u00e9 GOTS, tiss\u00e9e et teint en France. Imagin\u00e9e et r\u00e9alis\u00e9e \u00e0 Bordeaux.","og_url":"https:\/\/shamya.fr\/en\/product\/combinaison-aglae-femme-en-satin\/","og_site_name":"Shamya : v\u00eatements \u00e9co-responsables","article_modified_time":"2025-05-22T12:46:45+00:00","og_image":[{"width":1709,"height":2560,"url":"https:\/\/shamya.fr\/wp-content\/uploads\/2023\/04\/shamya-combinaison-aglae-site-scaled.jpg","type":"image\/jpeg"}],"twitter_card":"summary_large_image","twitter_misc":{"Est. reading time":"1 minute"},"schema":{"@context":"https:\/\/schema.org","@graph":[{"@type":"WebPage","@id":"https:\/\/shamya.fr\/produit\/combinaison-aglae-femme-en-satin\/","url":"https:\/\/shamya.fr\/produit\/combinaison-aglae-femme-en-satin\/","name":"Combinaison Agla\u00e9 femme en satin - Shamya : v\u00eatements \u00e9co-responsables","isPartOf":{"@id":"https:\/\/shamya.fr\/#website"},"datePublished":"2023-04-10T12:04:21+00:00","dateModified":"2025-05-22T12:46:45+00:00","description":"Combinaison femme dos-nu faite de satin de coton biologique certifi\u00e9 GOTS, tiss\u00e9e et teint en France. Imagin\u00e9e et r\u00e9alis\u00e9e \u00e0 Bordeaux.","breadcrumb":{"@id":"https:\/\/shamya.fr\/produit\/combinaison-aglae-femme-en-satin\/#breadcrumb"},"inLanguage":"en-US","potentialAction":[{"@type":"ReadAction","target":["https:\/\/shamya.fr\/produit\/combinaison-aglae-femme-en-satin\/"]}]},{"@type":"BreadcrumbList","@id":"https:\/\/shamya.fr\/produit\/combinaison-aglae-femme-en-satin\/#breadcrumb","itemListElement":[{"@type":"ListItem","position":1,"name":"Accueil","item":"https:\/\/shamya.fr\/"},{"@type":"ListItem","position":2,"name":"Boutique","item":"https:\/\/shamya.fr\/?page_id=8"},{"@type":"ListItem","position":3,"name":"Combinaison Agla\u00e9"}]},{"@type":"WebSite","@id":"https:\/\/shamya.fr\/#website","url":"https:\/\/shamya.fr\/","name":"Shamya : v\u00eatements \u00e9co-responsables","description":"shamya-vetements-ecoresponsables","publisher":{"@id":"https:\/\/shamya.fr\/#organization"},"potentialAction":[{"@type":"SearchAction","target":{"@type":"EntryPoint","urlTemplate":"https:\/\/shamya.fr\/?s={search_term_string}"},"query-input":"required name=search_term_string"}],"inLanguage":"en-US"},{"@type":"Organization","@id":"https:\/\/shamya.fr\/#organization","name":"Shamya : v\u00eatements \u00e9co-responsables","url":"https:\/\/shamya.fr\/","logo":{"@type":"ImageObject","inLanguage":"en-US","@id":"https:\/\/shamya.fr\/#\/schema\/logo\/image\/","url":"https:\/\/shamya.fr\/wp-content\/uploads\/2022\/11\/Logo-Shamya-03-1.png","contentUrl":"https:\/\/shamya.fr\/wp-content\/uploads\/2022\/11\/Logo-Shamya-03-1.png","width":2602,"height":591,"caption":"Shamya : v\u00eatements \u00e9co-responsables"},"image":{"@id":"https:\/\/shamya.fr\/#\/schema\/logo\/image\/"}}]}},"_links":{"self":[{"href":"https:\/\/shamya.fr\/en\/wp-json\/wp\/v2\/product\/108","targetHints":{"allow":["GET"]}}],"collection":[{"href":"https:\/\/shamya.fr\/en\/wp-json\/wp\/v2\/product"}],"about":[{"href":"https:\/\/shamya.fr\/en\/wp-json\/wp\/v2\/types\/product"}],"replies":[{"embeddable":true,"href":"https:\/\/shamya.fr\/en\/wp-json\/wp\/v2\/comments?post=108"}],"wp:featuredmedia":[{"embeddable":true,"href":"https:\/\/shamya.fr\/en\/wp-json\/wp\/v2\/media\/1681"}],"wp:attachment":[{"href":"https:\/\/shamya.fr\/en\/wp-json\/wp\/v2\/media?parent=108"}],"wp:term":[{"taxonomy":"product_cat","embeddable":true,"href":"https:\/\/shamya.fr\/en\/wp-json\/wp\/v2\/product_cat?post=108"},{"taxonomy":"product_tag","embeddable":true,"href":"https:\/\/shamya.fr\/en\/wp-json\/wp\/v2\/product_tag?post=108"}],"curies":[{"name":"wp","href":"https:\/\/api.w.org\/{rel}","templated":true}]}}